{"id":405,"date":"2016-11-25T09:53:09","date_gmt":"2016-11-25T08:53:09","guid":{"rendered":"http:\/\/firstinvestig.com\/accueil\/"},"modified":"2017-02-09T19:23:57","modified_gmt":"2017-02-09T18:23:57","slug":"accueil","status":"publish","type":"page","link":"https:\/\/firstinvestig.com\/en\/","title":{"rendered":"Accueil"},"content":{"rendered":"[vc_row fullwidth=&#8221;true&#8221;][vc_column][mk_edge_slider first_el=&#8221;true&#8221; swiper_bg=&#8221;#000000&#8243; order=&#8221;ASC&#8221; orderby=&#8221;menu_order&#8221; full_height=&#8221;false&#8221; height=&#8221;500&#8243; direction_nav=&#8221;slit&#8221;][vc_row_inner][vc_column_inner css=&#8221;.vc_custom_1485515024134{background-color: #000000 !important;}&#8221;][mk_fancy_title tag_name=&#8221;span&#8221; color=&#8221;#ffffff&#8221; size=&#8221;16&#8243; font_weight=&#8221;600&#8243; txt_transform=&#8221;uppercase&#8221; letter_spacing=&#8221;3&#8243; font_family=&#8221;none&#8221; align=&#8221;center&#8221;]\n<p id=\"tw-target-text\" class=\"tw-data-text tw-ta tw-text-small\" dir=\"ltr\" data-placeholder=\"Traduction\"><span lang=\"en\">An uncertainty? A suspicion of adultery? &#8211; Behavioral misunderstanding? &#8211; An urgent need for evidence or information?<\/span><\/p>\n[\/mk_fancy_title][\/vc_column_inner][\/vc_row_inner][\/vc_column][\/vc_row][vc_row][vc_column][mk_padding_divider][vc_column_text]\n<h1 id=\"tw-target-text\" class=\"tw-data-text tw-ta tw-text-medium\" dir=\"ltr\" style=\"text-align: center;\" data-placeholder=\"Traduction\"><span lang=\"en\">Your private detective in Nice<\/span><\/h1>\n<h1 style=\"text-align: center;\"><\/h1>\n[\/vc_column_text][mk_divider style=&#8221;thick_solid&#8221; divider_width=&#8221;custom_width&#8221; custom_width=&#8221;200&#8243; border_color=&#8221;#a0ce4e&#8221; margin_top=&#8221;0&#8243;][\/vc_column][\/vc_row][vc_row][vc_column][vc_column_text]\n<p id=\"tw-target-text\" class=\"tw-data-text tw-ta tw-text-small\" dir=\"ltr\" style=\"text-align: center;\" data-placeholder=\"Traduction\"><span lang=\"en\">Whether you are an individual or a professional, our private research agency, First Investigations, intervenes quickly to serve you, 7 days a week, 24 hours a day. We are bound by professional secrecy. Discretion and confidentiality are assured on all our investigations. First Investigations, private detective firm in Nice, is made up solely of professionals authorized by the CNAPS (National Council for Private Security Activities) intervening motorcycle, scooter or car.<\/span><\/p>\n<p class=\"tw-data-text tw-ta tw-text-small\" dir=\"ltr\" style=\"text-align: center;\" data-placeholder=\"Traduction\"><span lang=\"en\"> Our private researchers in Nice and Europe are confident: 16 years of experience to serve you. The field of intervention of our detective firm in Nice and its region ranges from the private individual (divorce file, suspicion of adultery, search for persons or debtor, solvency investigation) to the professional for business Unfair, fraud, misappropriation of goods, Prud&#8217;homme file preparation). The result of our investigative work, will reassure you for the future or will consolidate you in your approach to prosecution. <\/span><\/p>\n<p class=\"tw-data-text tw-ta tw-text-small\" dir=\"ltr\" style=\"text-align: center;\" data-placeholder=\"Traduction\"><span lang=\"en\">We work throughout France and especially on the French Riviera, Paris, Nice, Monaco, Menton, Cannes, Antibes, Grasse<\/span><\/p>\n[\/vc_column_text][mk_padding_divider][vc_row_inner][vc_column_inner width=&#8221;1\/2&#8243;][mk_button dimension=&#8221;outline&#8221; size=&#8221;large&#8221; url=&#8221;tel:+33493882307&#8243; align=&#8221;center&#8221;]04 93 88 23 07[\/mk_button][\/vc_column_inner][vc_column_inner width=&#8221;1\/2&#8243;][mk_button dimension=&#8221;outline&#8221; size=&#8221;large&#8221; url=&#8221;http:\/\/firstinvestig.com\/rappelez-moi\/&#8221; align=&#8221;center&#8221;]Free callback[\/mk_button][\/vc_column_inner][\/vc_row_inner][mk_padding_divider][\/vc_column][\/vc_row][mk_page_section bg_image=&#8221;http:\/\/firstinvestig.com\/wp-content\/uploads\/2016\/11\/nice-promenade.jpg&#8221; bg_position=&#8221;right center&#8221; bg_repeat=&#8221;no-repeat&#8221; bg_stretch=&#8221;true&#8221; enable_3d=&#8221;true&#8221; video_loop=&#8221;false&#8221; min_height=&#8221;450&#8243; full_width=&#8221;true&#8221; js_vertical_centered=&#8221;true&#8221; padding_top=&#8221;0&#8243; padding_bottom=&#8221;0&#8243; sidebar=&#8221;sidebar-1&#8243;][vc_column width=&#8221;1\/3&#8243;][\/vc_column][vc_column width=&#8221;1\/3&#8243;][\/vc_column][\/mk_page_section][mk_page_section bg_color=&#8221;#e0e0e0&#8243; min_height=&#8221;200&#8243; sidebar=&#8221;sidebar-1&#8243;][vc_column][mk_padding_divider size=&#8221;20&#8243;][vc_column_text]\n<h2 id=\"tw-target-text\" class=\"tw-data-text tw-ta tw-text-medium\" dir=\"ltr\" style=\"text-align: center;\" data-placeholder=\"Traduction\"><span lang=\"en\">Our range of activities<\/span><\/h2>\n<div class=\"progress-bar\" style=\"text-align: center;\"><em><span style=\"color: #a0ce4e;\"><strong>% Statistical study of our missions for 16 years%<\/strong><\/span><\/em><\/div>\n[\/vc_column_text][mk_padding_divider size=&#8221;20&#8243;][mk_skill_meter title=&#8221;Nice, C\u00f4te d&#8217;Azur&#8221; percent=&#8221;45&#8243; txt_color=&#8221;#000000&#8243; percent_color=&#8221;#000000&#8243; bar_color=&#8221;#ffffff&#8221;][mk_skill_meter title=&#8221;Reste P.A.C.A.&#8221; percent=&#8221;25&#8243; txt_color=&#8221;#000000&#8243; percent_color=&#8221;#000000&#8243; bar_color=&#8221;#ffffff&#8221;][mk_skill_meter title=&#8221;Paris &amp; \u00cele de France&#8221; percent=&#8221;25&#8243; txt_color=&#8221;#000000&#8243; percent_color=&#8221;#000000&#8243; bar_color=&#8221;#ffffff&#8221;][mk_skill_meter title=&#8221;Suisse&#8221; percent=&#8221;12&#8243; txt_color=&#8221;#000000&#8243; percent_color=&#8221;#000000&#8243; bar_color=&#8221;#ffffff&#8221;][mk_skill_meter title=&#8221;Europe&#8221; percent=&#8221;8&#8243; txt_color=&#8221;#000000&#8243; percent_color=&#8221;#000000&#8243; bar_color=&#8221;#ffffff&#8221;][mk_skill_meter title=&#8221;Hors Europe&#8221; percent=&#8221;5&#8243; txt_color=&#8221;#000000&#8243; percent_color=&#8221;#000000&#8243; bar_color=&#8221;#ffffff&#8221;][mk_padding_divider][\/vc_column][\/mk_page_section][vc_row][vc_column][mk_padding_divider][mk_fancy_title color=&#8221;#000000&#8243; size=&#8221;20&#8243; font_weight=&#8221;500&#8243; txt_transform=&#8221;uppercase&#8221; letter_spacing=&#8221;2&#8243; font_family=&#8221;none&#8221; align=&#8221;center&#8221;]\n<p id=\"tw-target-text\" class=\"tw-data-text tw-ta tw-text-medium\" dir=\"ltr\" data-placeholder=\"Traduction\"><span lang=\"en\">What our customers think<\/span><\/p>\n[\/mk_fancy_title][mk_testimonials style=&#8221;simple&#8221; count=&#8221;4&#8243; text_color=&#8221;#e5e5e5&#8243; author_color=&#8221;#000000&#8243; skill_color=&#8221;#a0ce4e&#8221; font_weight=&#8221;400&#8243; font_style=&#8221;normal&#8221; text_transform=&#8221;capitalize&#8221; letter_spacing=&#8221;1&#8243; testimonials=&#8221;401, 65, 58, 61&#8243;][mk_image src=&#8221;http:\/\/firstinvestig.com\/wp-content\/uploads\/2016\/11\/logo-origina2.jpg&#8221; image_size=&#8221;full&#8221; frame_style=&#8221;gray_border&#8221; align=&#8221;center&#8221;][mk_padding_divider][\/vc_column][\/vc_row]\n","protected":false},"excerpt":{"rendered":"<p>[vc_row fullwidth=&#8221;true&#8221;][vc_column][mk_edge_slider first_el=&#8221;true&#8221; swiper_bg=&#8221;#000000&#8243; order=&#8221;ASC&#8221; orderby=&#8221;menu_order&#8221; full_height=&#8221;false&#8221; height=&#8221;500&#8243; direction_nav=&#8221;slit&#8221;][vc_row_inner][vc_column_inner css=&#8221;.vc_custom_1485515024134{background-color: #000000 !important;}&#8221;][mk_fancy_title tag_name=&#8221;span&#8221; color=&#8221;#ffffff&#8221; size=&#8221;16&#8243; font_weight=&#8221;600&#8243; txt_transform=&#8221;uppercase&#8221; letter_spacing=&#8221;3&#8243; font_family=&#8221;none&#8221; align=&#8221;center&#8221;] An uncertainty? A suspicion of adultery? &#8211; Behavioral misunderstanding? &#8211; An urgent need for evidence or information? [\/mk_fancy_title][\/vc_column_inner][\/vc_row_inner][\/vc_column][\/vc_row][vc_row][vc_column][mk_padding_divider][vc_column_text] Your private detective in Nice [\/vc_column_text][mk_divider style=&#8221;thick_solid&#8221; divider_width=&#8221;custom_width&#8221; custom_width=&#8221;200&#8243; border_color=&#8221;#a0ce4e&#8221; margin_top=&#8221;0&#8243;][\/vc_column][\/vc_row][vc_row][vc_column][vc_column_text] Whether you are an individual or [&hellip;]<\/p>\n","protected":false},"author":1,"featured_media":0,"parent":0,"menu_order":0,"comment_status":"closed","ping_status":"closed","template":"","meta":{"footnotes":""},"class_list":["post-405","page","type-page","status-publish","hentry"],"yoast_head":"<!-- This site is optimized with the Yoast SEO plugin v25.4 - https:\/\/yoast.com\/wordpress\/plugins\/seo\/ -->\n<title>Detective Nice, Agency Private investigator 06 | First Investigations<\/title>\n<meta name=\"description\" content=\"Private detective in Nice, Cannes or Monaco, contact your agency First Invest expert in the field of private investigation, adultery, divorce ...\" \/>\n<meta name=\"robots\" content=\"index, follow, max-snippet:-1, max-image-preview:large, max-video-preview:-1\" \/>\n<link rel=\"canonical\" href=\"https:\/\/firstinvestig.com\/\" \/>\n<meta property=\"og:locale\" content=\"en_US\" \/>\n<meta property=\"og:type\" content=\"article\" \/>\n<meta property=\"og:title\" content=\"Detective Nice, Agency Private investigator 06 | First Investigations\" \/>\n<meta property=\"og:description\" content=\"Private detective in Nice, Cannes or Monaco, contact your agency First Invest expert in the field of private investigation, adultery, divorce ...\" \/>\n<meta property=\"og:url\" content=\"https:\/\/firstinvestig.com\/\" \/>\n<meta property=\"og:site_name\" content=\"First Investigations\" \/>\n<meta property=\"article:modified_time\" content=\"2017-02-09T18:23:57+00:00\" \/>\n<meta property=\"og:image\" content=\"https:\/\/firstinvestig.com\/wp-content\/uploads\/2025\/07\/cropped-logo-origina2.jpg\" \/>\n\t<meta property=\"og:image:width\" content=\"512\" \/>\n\t<meta property=\"og:image:height\" content=\"512\" \/>\n\t<meta property=\"og:image:type\" content=\"image\/jpeg\" \/>\n<meta name=\"twitter:card\" content=\"summary_large_image\" \/>\n<meta name=\"twitter:label1\" content=\"Est. reading time\" \/>\n\t<meta name=\"twitter:data1\" content=\"3 minutes\" \/>\n<script type=\"application\/ld+json\" class=\"yoast-schema-graph\">{\"@context\":\"https:\/\/schema.org\",\"@graph\":[{\"@type\":\"WebPage\",\"@id\":\"https:\/\/firstinvestig.com\/\",\"url\":\"https:\/\/firstinvestig.com\/\",\"name\":\"Detective Nice, Agency Private investigator 06 | First Investigations\",\"isPartOf\":{\"@id\":\"https:\/\/firstinvestig.com\/#website\"},\"datePublished\":\"2016-11-25T08:53:09+00:00\",\"dateModified\":\"2017-02-09T18:23:57+00:00\",\"description\":\"Private detective in Nice, Cannes or Monaco, contact your agency First Invest expert in the field of private investigation, adultery, divorce ...\",\"breadcrumb\":{\"@id\":\"https:\/\/firstinvestig.com\/#breadcrumb\"},\"inLanguage\":\"en-US\",\"potentialAction\":[{\"@type\":\"ReadAction\",\"target\":[\"https:\/\/firstinvestig.com\/\"]}]},{\"@type\":\"BreadcrumbList\",\"@id\":\"https:\/\/firstinvestig.com\/#breadcrumb\",\"itemListElement\":[{\"@type\":\"ListItem\",\"position\":1,\"name\":\"Accueil\",\"item\":\"https:\/\/firstinvestig.com\/\"},{\"@type\":\"ListItem\",\"position\":2,\"name\":\"Accueil\"}]},{\"@type\":\"WebSite\",\"@id\":\"https:\/\/firstinvestig.com\/#website\",\"url\":\"https:\/\/firstinvestig.com\/\",\"name\":\"First Investigations\",\"description\":\"D\u00e9tective priv\u00e9 \u00e0 Nice\",\"publisher\":{\"@id\":\"https:\/\/firstinvestig.com\/#organization\"},\"potentialAction\":[{\"@type\":\"SearchAction\",\"target\":{\"@type\":\"EntryPoint\",\"urlTemplate\":\"https:\/\/firstinvestig.com\/?s={search_term_string}\"},\"query-input\":{\"@type\":\"PropertyValueSpecification\",\"valueRequired\":true,\"valueName\":\"search_term_string\"}}],\"inLanguage\":\"en-US\"},{\"@type\":\"Organization\",\"@id\":\"https:\/\/firstinvestig.com\/#organization\",\"name\":\"First Investigations\",\"url\":\"https:\/\/firstinvestig.com\/\",\"logo\":{\"@type\":\"ImageObject\",\"inLanguage\":\"en-US\",\"@id\":\"https:\/\/firstinvestig.com\/#\/schema\/logo\/image\/\",\"url\":\"https:\/\/firstinvestig.com\/wp-content\/uploads\/2025\/07\/cropped-logo-origina2.jpg\",\"contentUrl\":\"https:\/\/firstinvestig.com\/wp-content\/uploads\/2025\/07\/cropped-logo-origina2.jpg\",\"width\":512,\"height\":512,\"caption\":\"First Investigations\"},\"image\":{\"@id\":\"https:\/\/firstinvestig.com\/#\/schema\/logo\/image\/\"}}]}<\/script>\n<!-- \/ Yoast SEO plugin. -->","yoast_head_json":{"title":"Detective Nice, Agency Private investigator 06 | First Investigations","description":"Private detective in Nice, Cannes or Monaco, contact your agency First Invest expert in the field of private investigation, adultery, divorce ...","robots":{"index":"index","follow":"follow","max-snippet":"max-snippet:-1","max-image-preview":"max-image-preview:large","max-video-preview":"max-video-preview:-1"},"canonical":"https:\/\/firstinvestig.com\/","og_locale":"en_US","og_type":"article","og_title":"Detective Nice, Agency Private investigator 06 | First Investigations","og_description":"Private detective in Nice, Cannes or Monaco, contact your agency First Invest expert in the field of private investigation, adultery, divorce ...","og_url":"https:\/\/firstinvestig.com\/","og_site_name":"First Investigations","article_modified_time":"2017-02-09T18:23:57+00:00","og_image":[{"width":512,"height":512,"url":"https:\/\/firstinvestig.com\/wp-content\/uploads\/2025\/07\/cropped-logo-origina2.jpg","type":"image\/jpeg"}],"twitter_card":"summary_large_image","twitter_misc":{"Est. reading time":"3 minutes"},"schema":{"@context":"https:\/\/schema.org","@graph":[{"@type":"WebPage","@id":"https:\/\/firstinvestig.com\/","url":"https:\/\/firstinvestig.com\/","name":"Detective Nice, Agency Private investigator 06 | First Investigations","isPartOf":{"@id":"https:\/\/firstinvestig.com\/#website"},"datePublished":"2016-11-25T08:53:09+00:00","dateModified":"2017-02-09T18:23:57+00:00","description":"Private detective in Nice, Cannes or Monaco, contact your agency First Invest expert in the field of private investigation, adultery, divorce ...","breadcrumb":{"@id":"https:\/\/firstinvestig.com\/#breadcrumb"},"inLanguage":"en-US","potentialAction":[{"@type":"ReadAction","target":["https:\/\/firstinvestig.com\/"]}]},{"@type":"BreadcrumbList","@id":"https:\/\/firstinvestig.com\/#breadcrumb","itemListElement":[{"@type":"ListItem","position":1,"name":"Accueil","item":"https:\/\/firstinvestig.com\/"},{"@type":"ListItem","position":2,"name":"Accueil"}]},{"@type":"WebSite","@id":"https:\/\/firstinvestig.com\/#website","url":"https:\/\/firstinvestig.com\/","name":"First Investigations","description":"D\u00e9tective priv\u00e9 \u00e0 Nice","publisher":{"@id":"https:\/\/firstinvestig.com\/#organization"},"potentialAction":[{"@type":"SearchAction","target":{"@type":"EntryPoint","urlTemplate":"https:\/\/firstinvestig.com\/?s={search_term_string}"},"query-input":{"@type":"PropertyValueSpecification","valueRequired":true,"valueName":"search_term_string"}}],"inLanguage":"en-US"},{"@type":"Organization","@id":"https:\/\/firstinvestig.com\/#organization","name":"First Investigations","url":"https:\/\/firstinvestig.com\/","logo":{"@type":"ImageObject","inLanguage":"en-US","@id":"https:\/\/firstinvestig.com\/#\/schema\/logo\/image\/","url":"https:\/\/firstinvestig.com\/wp-content\/uploads\/2025\/07\/cropped-logo-origina2.jpg","contentUrl":"https:\/\/firstinvestig.com\/wp-content\/uploads\/2025\/07\/cropped-logo-origina2.jpg","width":512,"height":512,"caption":"First Investigations"},"image":{"@id":"https:\/\/firstinvestig.com\/#\/schema\/logo\/image\/"}}]}},"_links":{"self":[{"href":"https:\/\/firstinvestig.com\/en\/wp-json\/wp\/v2\/pages\/405","targetHints":{"allow":["GET"]}}],"collection":[{"href":"https:\/\/firstinvestig.com\/en\/wp-json\/wp\/v2\/pages"}],"about":[{"href":"https:\/\/firstinvestig.com\/en\/wp-json\/wp\/v2\/types\/page"}],"author":[{"embeddable":true,"href":"https:\/\/firstinvestig.com\/en\/wp-json\/wp\/v2\/users\/1"}],"replies":[{"embeddable":true,"href":"https:\/\/firstinvestig.com\/en\/wp-json\/wp\/v2\/comments?post=405"}],"version-history":[{"count":5,"href":"https:\/\/firstinvestig.com\/en\/wp-json\/wp\/v2\/pages\/405\/revisions"}],"predecessor-version":[{"id":441,"href":"https:\/\/firstinvestig.com\/en\/wp-json\/wp\/v2\/pages\/405\/revisions\/441"}],"wp:attachment":[{"href":"https:\/\/firstinvestig.com\/en\/wp-json\/wp\/v2\/media?parent=405"}],"curies":[{"name":"wp","href":"https:\/\/api.w.org\/{rel}","templated":true}]}}